{"id":42,"date":"2023-12-27T15:29:01","date_gmt":"2023-12-27T14:29:01","guid":{"rendered":"http:\/\/pslsystemtechnik.com\/?page_id=42"},"modified":"2025-03-10T17:46:22","modified_gmt":"2025-03-10T16:46:22","slug":"impressum","status":"publish","type":"page","link":"https:\/\/psl-systemtechnik.com\/de\/impressum\/","title":{"rendered":"Impressum"},"content":{"rendered":"\t\t<div data-elementor-type=\"wp-page\" data-elementor-id=\"42\" class=\"elementor elementor-42\">\n\t\t\t\t<div class=\"elementor-element elementor-element-d7229e8 e-flex e-con-boxed e-con e-parent\" data-id=\"d7229e8\" data-element_type=\"container\" data-settings=\"{&quot;background_background&quot;:&quot;classic&quot;}\">\n\t\t\t\t\t<div class=\"e-con-inner\">\n\t\t\t\t<div class=\"elementor-element elementor-element-2d9b49f elementor-widget elementor-widget-heading\" data-id=\"2d9b49f\" data-element_type=\"widget\" data-widget_type=\"heading.default\">\n\t\t\t\t<div class=\"elementor-widget-container\">\n\t\t\t\t\t<h1 class=\"elementor-heading-title elementor-size-default\">Impressum<\/h1>\t\t\t\t<\/div>\n\t\t\t\t<\/div>\n\t\t\t\t\t<\/div>\n\t\t\t\t<\/div>\n\t\t<div class=\"elementor-element elementor-element-17d3495 e-flex e-con-boxed e-con e-parent\" data-id=\"17d3495\" data-element_type=\"container\">\n\t\t\t\t\t<div class=\"e-con-inner\">\n\t\t\t\t<div class=\"elementor-element elementor-element-e5dca6d elementor-widget elementor-widget-heading\" data-id=\"e5dca6d\" data-element_type=\"widget\" data-widget_type=\"heading.default\">\n\t\t\t\t<div class=\"elementor-widget-container\">\n\t\t\t\t\t<h2 class=\"elementor-heading-title elementor-size-default\">Betreiber der Website<\/h2>\t\t\t\t<\/div>\n\t\t\t\t<\/div>\n\t\t\t\t<div class=\"elementor-element elementor-element-9b6be16 elementor-widget elementor-widget-text-editor\" data-id=\"9b6be16\" data-element_type=\"widget\" data-widget_type=\"text-editor.default\">\n\t\t\t\t<div class=\"elementor-widget-container\">\n\t\t\t\t\t\t\t\t\t<p>PSL Systemtechnik GmbH<br \/>Pfeiffer System- und Labortechnik<br \/>Baumhofstrasse 116<br \/>37520 Osterode am Harz<\/p><p>Telefon: +49 5522 31250 0<br \/>E-Mail: <a href=\"mailto:info@psl-systemtechnik.com\">info@psl-systemtechnik.com<\/a><\/p><p><strong>Verantwortliche Ansprechperson:<\/strong> Dipl.-Kffr. Rena Pfeiffer<\/p><p><strong>Vertretungsberechtigte Gesch\u00e4ftsf\u00fchrer:<\/strong> Dr.-Ing. Jens Pfeiffer, Dipl.-Kffr. Rena Pfeiffer<\/p><p><strong>Handelsregister:<\/strong> Amtsgericht G\u00f6ttingen, HRB 204585<\/p><p><strong>USt.-IdNr. gem\u00e4\u00df \u00a7 27 a UStG:<\/strong> DE814185702<\/p><p><strong>Verantwortungsbereich:<\/strong><br \/>Das Impressum gilt nur f\u00fcr die Internetpr\u00e4senz unter den Adressen<br \/>www.psl-systemtechnik.de<br \/>www.psl-systemtechnik.com<\/p><p><strong>Zweck dieses Webprojektes:<\/strong><br \/>Produktinformation, Abruf von Software-Updates<\/p>\t\t\t\t\t\t\t\t<\/div>\n\t\t\t\t<\/div>\n\t\t\t\t\t<\/div>\n\t\t\t\t<\/div>\n\t\t<div class=\"elementor-element elementor-element-c8559ef e-flex e-con-boxed e-con e-parent\" data-id=\"c8559ef\" data-element_type=\"container\">\n\t\t\t\t\t<div class=\"e-con-inner\">\n\t\t\t\t<div class=\"elementor-element elementor-element-149a200 elementor-widget elementor-widget-heading\" data-id=\"149a200\" data-element_type=\"widget\" data-widget_type=\"heading.default\">\n\t\t\t\t<div class=\"elementor-widget-container\">\n\t\t\t\t\t<h4 class=\"elementor-heading-title elementor-size-default\">Webkonzept, Design &amp; Website-Realisierung<\/h4>\t\t\t\t<\/div>\n\t\t\t\t<\/div>\n\t\t\t\t<div class=\"elementor-element elementor-element-7c46d7a elementor-widget elementor-widget-text-editor\" data-id=\"7c46d7a\" data-element_type=\"widget\" data-widget_type=\"text-editor.default\">\n\t\t\t\t<div class=\"elementor-widget-container\">\n\t\t\t\t\t\t\t\t\t<p><strong>SOWEB | B2B-Online-Marketing aus Goslar<\/strong><br \/>Olivia Sothmann<\/p><p><a href=\"https:\/\/soweb-media.de\" target=\"_blank\" rel=\"noopener\">https:\/\/soweb-media.de<\/a><\/p>\t\t\t\t\t\t\t\t<\/div>\n\t\t\t\t<\/div>\n\t\t\t\t\t<\/div>\n\t\t\t\t<\/div>\n\t\t<div class=\"elementor-element elementor-element-376828e e-flex e-con-boxed e-con e-parent\" data-id=\"376828e\" data-element_type=\"container\">\n\t\t\t\t\t<div class=\"e-con-inner\">\n\t\t\t\t<div class=\"elementor-element elementor-element-b2bb870 elementor-widget elementor-widget-heading\" data-id=\"b2bb870\" data-element_type=\"widget\" data-widget_type=\"heading.default\">\n\t\t\t\t<div class=\"elementor-widget-container\">\n\t\t\t\t\t<h2 class=\"elementor-heading-title elementor-size-default\">Rechtliche Hinweise<\/h2>\t\t\t\t<\/div>\n\t\t\t\t<\/div>\n\t\t\t\t<div class=\"elementor-element elementor-element-eb40f46 elementor-widget elementor-widget-heading\" data-id=\"eb40f46\" data-element_type=\"widget\" data-widget_type=\"heading.default\">\n\t\t\t\t<div class=\"elementor-widget-container\">\n\t\t\t\t\t<h3 class=\"elementor-heading-title elementor-size-default\">Haftungsausschluss<\/h3>\t\t\t\t<\/div>\n\t\t\t\t<\/div>\n\t\t\t\t<div class=\"elementor-element elementor-element-8ce7fb6 elementor-widget elementor-widget-text-editor\" data-id=\"8ce7fb6\" data-element_type=\"widget\" data-widget_type=\"text-editor.default\">\n\t\t\t\t<div class=\"elementor-widget-container\">\n\t\t\t\t\t\t\t\t\t<p>Die Inhalte dieses Webprojektes wurden sorgf\u00e4ltig gepr\u00fcft und nach bestem Wissen erstellt. Es wird jedoch kein Anspruch auf Vollst\u00e4ndigkeit, Aktualit\u00e4t, Qualit\u00e4t und Richtigkeit der dargebotenen Informationen erhoben. F\u00fcr Sch\u00e4den, die durch das Vertrauen auf die Inhalte dieser Website oder deren Gebrauch entstehen, kann keine Verantwortung \u00fcbernommen werden.<\/p>\t\t\t\t\t\t\t\t<\/div>\n\t\t\t\t<\/div>\n\t\t\t\t\t<\/div>\n\t\t\t\t<\/div>\n\t\t<div class=\"elementor-element elementor-element-7946997 e-flex e-con-boxed e-con e-parent\" data-id=\"7946997\" data-element_type=\"container\">\n\t\t\t\t\t<div class=\"e-con-inner\">\n\t\t\t\t<div class=\"elementor-element elementor-element-56c4b64 elementor-widget elementor-widget-heading\" data-id=\"56c4b64\" data-element_type=\"widget\" data-widget_type=\"heading.default\">\n\t\t\t\t<div class=\"elementor-widget-container\">\n\t\t\t\t\t<h3 class=\"elementor-heading-title elementor-size-default\">Abgrenzung<\/h3>\t\t\t\t<\/div>\n\t\t\t\t<\/div>\n\t\t\t\t<div class=\"elementor-element elementor-element-44e58e3 elementor-widget elementor-widget-text-editor\" data-id=\"44e58e3\" data-element_type=\"widget\" data-widget_type=\"text-editor.default\">\n\t\t\t\t<div class=\"elementor-widget-container\">\n\t\t\t\t\t\t\t\t\t<p>Die PSL Systemtechnik GmbH \u00fcbernimmt auch keine Haftung f\u00fcr die Inhalte externer Links. F\u00fcr den Inhalt der verlinkten Seiten sind ausschlie\u00dflich deren Betreiber verantwortlich. Der Inhalt der verlinkten Seiten wurde vor Aufnahme des Links auf Einhaltung der guten Sitten und geltenden Gesetze gepr\u00fcft. Eine kontinuierliche Pr\u00fcfung der Inhalte ist jedoch weder beabsichtigt noch m\u00f6glich. Die PSL Systemtechnik GmbH distanziert sich ausdr\u00fccklich von allen Inhalten, die m\u00f6glicherweise straf- oder haftungsrechtlich relevant sind oder gegen die guten Sitten versto\u00dfen und wird Links auf diese Inhalte entfernen, sobald sie Kenntnis \u00fcber die Natur dieser Inhalte erlangt. Dass die Links weder gegen Sitten noch Gesetze versto\u00dfen, wurde genau ein mal gepr\u00fcft: bevor sie hier aufgenommen wurden. Solche Links, die zu fremden Webprojekten f\u00fchren, erkennen Sie daran: Bei externen Links \u00f6ffnet sich ein neues Browserfenster.<\/p>\t\t\t\t\t\t\t\t<\/div>\n\t\t\t\t<\/div>\n\t\t\t\t\t<\/div>\n\t\t\t\t<\/div>\n\t\t<div class=\"elementor-element elementor-element-4a60f4a e-flex e-con-boxed e-con e-parent\" data-id=\"4a60f4a\" data-element_type=\"container\">\n\t\t\t\t\t<div class=\"e-con-inner\">\n\t\t\t\t<div class=\"elementor-element elementor-element-d3eb498 elementor-widget elementor-widget-heading\" data-id=\"d3eb498\" data-element_type=\"widget\" data-widget_type=\"heading.default\">\n\t\t\t\t<div class=\"elementor-widget-container\">\n\t\t\t\t\t<h3 class=\"elementor-heading-title elementor-size-default\">Datenschutz<\/h3>\t\t\t\t<\/div>\n\t\t\t\t<\/div>\n\t\t\t\t<div class=\"elementor-element elementor-element-75f1efd elementor-widget elementor-widget-text-editor\" data-id=\"75f1efd\" data-element_type=\"widget\" data-widget_type=\"text-editor.default\">\n\t\t\t\t<div class=\"elementor-widget-container\">\n\t\t\t\t\t\t\t\t\t<p>Gem\u00e4\u00df \u00a7 28 BDSG widerspricht die PSL Systemtechnik GmbH jeder kommerziellen Verwendung und Weitergabe ihrer Daten.<\/p><p>Personenbezogene Daten werden nur mit Ihrem Wissen und Ihrer Einwilligung erhoben. Auf Antrag erhalten Sie unentgeltlich Auskunft zu den \u00fcber Sie gespeicherten personenbezogenen Daten. Wenden Sie sich dazu bitte an Rena Pfeiffer (e-Mail siehe oben).<\/p>\t\t\t\t\t\t\t\t<\/div>\n\t\t\t\t<\/div>\n\t\t\t\t\t<\/div>\n\t\t\t\t<\/div>\n\t\t<div class=\"elementor-element elementor-element-69f5bba e-flex e-con-boxed e-con e-parent\" data-id=\"69f5bba\" data-element_type=\"container\">\n\t\t\t\t\t<div class=\"e-con-inner\">\n\t\t\t\t<div class=\"elementor-element elementor-element-441407c elementor-widget elementor-widget-heading\" data-id=\"441407c\" data-element_type=\"widget\" data-widget_type=\"heading.default\">\n\t\t\t\t<div class=\"elementor-widget-container\">\n\t\t\t\t\t<h3 class=\"elementor-heading-title elementor-size-default\">Urheberrechtsschutz und Nutzung<\/h3>\t\t\t\t<\/div>\n\t\t\t\t<\/div>\n\t\t\t\t<div class=\"elementor-element elementor-element-4aedecc elementor-widget elementor-widget-text-editor\" data-id=\"4aedecc\" data-element_type=\"widget\" data-widget_type=\"text-editor.default\">\n\t\t\t\t<div class=\"elementor-widget-container\">\n\t\t\t\t\t\t\t\t\t<p>Der Urheber r\u00e4umt Ihnen das Nutzungsrecht ein, sich eine private Kopie f\u00fcr pers\u00f6nliche Zwecke anzufertigen. Nicht berechtigt sind Sie dagegen, die Materialien zu ver\u00e4ndern und\/oder weiter zu geben oder gar selbst zu ver\u00f6ffentlichen.<br \/>Sofern nicht ausdr\u00fccklich anders vermerkt, liegen die Urheberrechte f\u00fcr <b>Texte<\/b> bei der PSL Systemtechnik GmbH.<br \/>Die meisten <b>Illustrationen<\/b> unterliegen den Urheberrechten der PSL Systemtechnik GmbH.<\/p>\t\t\t\t\t\t\t\t<\/div>\n\t\t\t\t<\/div>\n\t\t\t\t\t<\/div>\n\t\t\t\t<\/div>\n\t\t<div class=\"elementor-element elementor-element-89765e9 e-flex e-con-boxed e-con e-parent\" data-id=\"89765e9\" data-element_type=\"container\">\n\t\t\t\t\t<div class=\"e-con-inner\">\n\t\t\t\t<div class=\"elementor-element elementor-element-0d96b01 elementor-widget elementor-widget-heading\" data-id=\"0d96b01\" data-element_type=\"widget\" data-widget_type=\"heading.default\">\n\t\t\t\t<div class=\"elementor-widget-container\">\n\t\t\t\t\t<h3 class=\"elementor-heading-title elementor-size-default\">Schutzrechtsverletzung<\/h3>\t\t\t\t<\/div>\n\t\t\t\t<\/div>\n\t\t\t\t<div class=\"elementor-element elementor-element-cab7b89 elementor-widget elementor-widget-text-editor\" data-id=\"cab7b89\" data-element_type=\"widget\" data-widget_type=\"text-editor.default\">\n\t\t\t\t<div class=\"elementor-widget-container\">\n\t\t\t\t\t\t\t\t\t<p>Falls Sie vermuten, dass von dieser Website aus eines Ihrer Schutzrechte verletzt wird, teilen Sie das bitte umgehend per elektronischer Post mit, damit z\u00fcgig Abhilfe geschafft werden kann. Bitte nehmen Sie zur Kenntnis: Die Einschaltung eines Anwaltes zur f\u00fcr den Diensteanbieter kostenpflichtigen Abmahnung entspricht nicht dessen wirklichen oder mutma\u00dflichen Willen.Sofern nicht ausdr\u00fccklich anders vermerkt, liegen die Urheberrechte f\u00fcr <b>Texte<\/b> bei der PSL Systemtechnik GmbH.<br \/>Die meisten <b>Illustrationen<\/b> unterliegen den Urheberrechten der PSL Systemtechnik GmbH.<\/p>\t\t\t\t\t\t\t\t<\/div>\n\t\t\t\t<\/div>\n\t\t\t\t\t<\/div>\n\t\t\t\t<\/div>\n\t\t<div class=\"elementor-element elementor-element-e59dde3 e-flex e-con-boxed e-con e-parent\" data-id=\"e59dde3\" data-element_type=\"container\">\n\t\t\t\t\t<div class=\"e-con-inner\">\n\t\t\t\t<div class=\"elementor-element elementor-element-e9fb7a1 elementor-widget elementor-widget-heading\" data-id=\"e9fb7a1\" data-element_type=\"widget\" data-widget_type=\"heading.default\">\n\t\t\t\t<div class=\"elementor-widget-container\">\n\t\t\t\t\t<h3 class=\"elementor-heading-title elementor-size-default\">Google Analytics<\/h3>\t\t\t\t<\/div>\n\t\t\t\t<\/div>\n\t\t\t\t<div class=\"elementor-element elementor-element-be06434 elementor-widget elementor-widget-text-editor\" data-id=\"be06434\" data-element_type=\"widget\" data-widget_type=\"text-editor.default\">\n\t\t\t\t<div class=\"elementor-widget-container\">\n\t\t\t\t\t\t\t\t\t<p>Diese Website benutzt Google Analytics, einen Webanalysedienst der Google Inc. (\u201eGoogle\u201c). Google Analytics verwendet sog. \u201eCookies\u201c, Textdateien, die auf Ihrem Computer gespeichert werden und die eine Analyse der Benutzung der Website durch Sie erm\u00f6glichen. Die durch den Cookie erzeugten Informationen \u00fcber Ihre Benutzung dieser Website werden in der Regel an einen Server von Google in den USA \u00fcbertragen und dort gespeichert.<\/p><p>Im Falle der Aktivierung der IP-Anonymisierung auf dieser Webseite, wird Ihre IP-Adresse von Google jedoch innerhalb von Mitgliedstaaten der Europ\u00e4ischen Union oder in anderen Vertragsstaaten des Abkommens \u00fcber den Europ\u00e4ischen Wirtschaftsraum zuvor gek\u00fcrzt. Nur in Ausnahmef\u00e4llen wird die volle IP-Adresse an einen Server von Google in den USA \u00fcbertragen und dort gek\u00fcrzt. Die IP-Anonymisierung ist auf dieser Website aktiv. Im Auftrag des Betreibers dieser Website wird Google diese Informationen benutzen, um Ihre Nutzung der Website auszuwerten, um Reports \u00fcber die Websiteaktivit\u00e4ten zusammenzustellen und um weitere mit der Websitenutzung und der Internetnutzung verbundene Dienstleistungen gegen\u00fcber dem Websitebetreiber zu erbringen.<\/p><p>Die im Rahmen von Google Analytics von Ihrem Browser \u00fcbermittelte IP-Adresse wird nicht mit anderen Daten von Google zusammengef\u00fchrt. Sie k\u00f6nnen die Speicherung der Cookies durch eine entsprechende Einstellung Ihrer Browser-Software verhindern; wir weisen Sie jedoch darauf hin, dass Sie in diesem Fall gegebenenfalls nicht s\u00e4mtliche Funktionen dieser Website vollumf\u00e4nglich werden nutzen k\u00f6nnen. Sie k\u00f6nnen dar\u00fcber hinaus die Erfassung der durch das Cookie erzeugten und auf Ihre Nutzung der Website bezogenen Daten (inkl. Ihrer IP-Adresse) an Google sowie die Verarbeitung dieser Daten durch Google verhindern, indem Sie die Einstellungen anpassen:<\/p>\t\t\t\t\t\t\t\t<\/div>\n\t\t\t\t<\/div>\n\t\t\t\t\t<\/div>\n\t\t\t\t<\/div>\n\t\t<div class=\"elementor-element elementor-element-c0abbb8 e-flex e-con-boxed e-con e-parent\" data-id=\"c0abbb8\" data-element_type=\"container\">\n\t\t\t\t\t<div class=\"e-con-inner\">\n\t\t\t\t<div class=\"elementor-element elementor-element-748273b elementor-widget elementor-widget-button\" data-id=\"748273b\" data-element_type=\"widget\" data-widget_type=\"button.default\">\n\t\t\t\t<div class=\"elementor-widget-container\">\n\t\t\t\t\t\t\t\t\t<div class=\"elementor-button-wrapper\">\n\t\t\t\t\t<a class=\"elementor-button elementor-button-link elementor-size-sm\" href=\"#\">\n\t\t\t\t\t\t<span class=\"elementor-button-content-wrapper\">\n\t\t\t\t\t\t\t\t\t<span class=\"elementor-button-text\">Zul\u00e4ssige Cookie Einstellungen \u00e4ndern<\/span>\n\t\t\t\t\t<\/span>\n\t\t\t\t\t<\/a>\n\t\t\t\t<\/div>\n\t\t\t\t\t\t\t\t<\/div>\n\t\t\t\t<\/div>\n\t\t\t\t\t<\/div>\n\t\t\t\t<\/div>\n\t\t\t\t<\/div>\n\t\t","protected":false},"excerpt":{"rendered":"<p>Impressum Betreiber der Website PSL Systemtechnik GmbHPfeiffer System- und LabortechnikBaumhofstrasse 11637520 Osterode am Harz Telefon: +49 5522 31250 0E-Mail: info@psl-systemtechnik.com Verantwortliche Ansprechperson: Dipl.-Kffr. Rena Pfeiffer Vertretungsberechtigte Gesch\u00e4ftsf\u00fchrer: Dr.-Ing. Jens Pfeiffer, Dipl.-Kffr. Rena Pfeiffer Handelsregister: Amtsgericht G\u00f6ttingen, HRB 204585 USt.-IdNr. gem\u00e4\u00df \u00a7 27 a UStG: DE814185702 Verantwortungsbereich:Das Impressum gilt nur f\u00fcr die Internetpr\u00e4senz unter den Adressenwww.psl-systemtechnik.dewww.psl-systemtechnik.com&#8230;<\/p>\n","protected":false},"author":1,"featured_media":0,"parent":0,"menu_order":0,"comment_status":"closed","ping_status":"closed","template":"elementor_header_footer","meta":{"_kad_post_transparent":"","_kad_post_title":"hide","_kad_post_layout":"fullwidth","_kad_post_sidebar_id":"","_kad_post_content_style":"unboxed","_kad_post_vertical_padding":"hide","_kad_post_feature":"hide","_kad_post_feature_position":"","_kad_post_header":false,"_kad_post_footer":false,"footnotes":""},"class_list":["post-42","page","type-page","status-publish","hentry"],"yoast_head":"<!-- This site is optimized with the Yoast SEO plugin v27.4 - https:\/\/yoast.com\/product\/yoast-seo-wordpress\/ -->\n<title>Impressum &#187; PSL Systemtechnik<\/title>\n<meta name=\"description\" content=\"Das Impressum der PSL Systemtechnik enth\u00e4lt alle wichtigen Daten wie Adresse, Bankverbindung oder Umsatzsteuer-ID. Erfahren Sie mehr.\" \/>\n<meta name=\"robots\" content=\"index, follow, max-snippet:-1, max-image-preview:large, max-video-preview:-1\" \/>\n<link rel=\"canonical\" href=\"https:\/\/psl-systemtechnik.com\/de\/impressum\/\" \/>\n<meta property=\"og:locale\" content=\"de_DE\" \/>\n<meta property=\"og:type\" content=\"article\" \/>\n<meta property=\"og:title\" content=\"Impressum &#187; PSL Systemtechnik\" \/>\n<meta property=\"og:description\" content=\"Das Impressum der PSL Systemtechnik enth\u00e4lt alle wichtigen Daten wie Adresse, Bankverbindung oder Umsatzsteuer-ID. Erfahren Sie mehr.\" \/>\n<meta property=\"og:url\" content=\"https:\/\/psl-systemtechnik.com\/de\/impressum\/\" \/>\n<meta property=\"og:site_name\" content=\"PSL Systemtechnik\" \/>\n<meta property=\"article:publisher\" content=\"https:\/\/www.facebook.com\/PSL.Systemtechnik\" \/>\n<meta property=\"article:modified_time\" content=\"2025-03-10T16:46:22+00:00\" \/>\n<meta name=\"twitter:card\" content=\"summary_large_image\" \/>\n<meta name=\"twitter:label1\" content=\"Gesch\u00e4tzte Lesezeit\" \/>\n\t<meta name=\"twitter:data1\" content=\"4\u00a0Minuten\" \/>\n<script type=\"application\/ld+json\" class=\"yoast-schema-graph\">{\"@context\":\"https:\\\/\\\/schema.org\",\"@graph\":[{\"@type\":\"WebPage\",\"@id\":\"https:\\\/\\\/psl-systemtechnik.com\\\/de\\\/impressum\\\/\",\"url\":\"https:\\\/\\\/psl-systemtechnik.com\\\/de\\\/impressum\\\/\",\"name\":\"Impressum &#187; PSL Systemtechnik\",\"isPartOf\":{\"@id\":\"https:\\\/\\\/psl-systemtechnik.com\\\/de\\\/#website\"},\"datePublished\":\"2023-12-27T14:29:01+00:00\",\"dateModified\":\"2025-03-10T16:46:22+00:00\",\"description\":\"Das Impressum der PSL Systemtechnik enth\u00e4lt alle wichtigen Daten wie Adresse, Bankverbindung oder Umsatzsteuer-ID. Erfahren Sie mehr.\",\"breadcrumb\":{\"@id\":\"https:\\\/\\\/psl-systemtechnik.com\\\/de\\\/impressum\\\/#breadcrumb\"},\"inLanguage\":\"de\",\"potentialAction\":[{\"@type\":\"ReadAction\",\"target\":[\"https:\\\/\\\/psl-systemtechnik.com\\\/de\\\/impressum\\\/\"]}]},{\"@type\":\"BreadcrumbList\",\"@id\":\"https:\\\/\\\/psl-systemtechnik.com\\\/de\\\/impressum\\\/#breadcrumb\",\"itemListElement\":[{\"@type\":\"ListItem\",\"position\":1,\"name\":\"Startseite\",\"item\":\"https:\\\/\\\/psl-systemtechnik.com\\\/de\\\/\"},{\"@type\":\"ListItem\",\"position\":2,\"name\":\"Impressum\"}]},{\"@type\":\"WebSite\",\"@id\":\"https:\\\/\\\/psl-systemtechnik.com\\\/de\\\/#website\",\"url\":\"https:\\\/\\\/psl-systemtechnik.com\\\/de\\\/\",\"name\":\"PSL Systemtechnik GmbH\",\"description\":\"Lab Instruments for Oil and Gas\",\"publisher\":{\"@id\":\"https:\\\/\\\/psl-systemtechnik.com\\\/de\\\/#organization\"},\"alternateName\":\"PSL\",\"potentialAction\":[{\"@type\":\"SearchAction\",\"target\":{\"@type\":\"EntryPoint\",\"urlTemplate\":\"https:\\\/\\\/psl-systemtechnik.com\\\/de\\\/?s={search_term_string}\"},\"query-input\":{\"@type\":\"PropertyValueSpecification\",\"valueRequired\":true,\"valueName\":\"search_term_string\"}}],\"inLanguage\":\"de\"},{\"@type\":\"Organization\",\"@id\":\"https:\\\/\\\/psl-systemtechnik.com\\\/de\\\/#organization\",\"name\":\"PSL Systemtechnik GmbH\",\"url\":\"https:\\\/\\\/psl-systemtechnik.com\\\/de\\\/\",\"logo\":{\"@type\":\"ImageObject\",\"inLanguage\":\"de\",\"@id\":\"https:\\\/\\\/psl-systemtechnik.com\\\/de\\\/#\\\/schema\\\/logo\\\/image\\\/\",\"url\":\"https:\\\/\\\/psl-systemtechnik.com\\\/wp-content\\\/uploads\\\/2023\\\/12\\\/cropped-psl-systemtechnik-logo-mit-claim-web.png\",\"contentUrl\":\"https:\\\/\\\/psl-systemtechnik.com\\\/wp-content\\\/uploads\\\/2023\\\/12\\\/cropped-psl-systemtechnik-logo-mit-claim-web.png\",\"width\":1000,\"height\":303,\"caption\":\"PSL Systemtechnik GmbH\"},\"image\":{\"@id\":\"https:\\\/\\\/psl-systemtechnik.com\\\/de\\\/#\\\/schema\\\/logo\\\/image\\\/\"},\"sameAs\":[\"https:\\\/\\\/www.facebook.com\\\/PSL.Systemtechnik\",\"https:\\\/\\\/www.linkedin.com\\\/company\\\/psl-systemtechnik-gmbh\\\/\"]}]}<\/script>\n<!-- \/ Yoast SEO plugin. -->","yoast_head_json":{"title":"Impressum &#187; PSL Systemtechnik","description":"Das Impressum der PSL Systemtechnik enth\u00e4lt alle wichtigen Daten wie Adresse, Bankverbindung oder Umsatzsteuer-ID. Erfahren Sie mehr.","robots":{"index":"index","follow":"follow","max-snippet":"max-snippet:-1","max-image-preview":"max-image-preview:large","max-video-preview":"max-video-preview:-1"},"canonical":"https:\/\/psl-systemtechnik.com\/de\/impressum\/","og_locale":"de_DE","og_type":"article","og_title":"Impressum &#187; PSL Systemtechnik","og_description":"Das Impressum der PSL Systemtechnik enth\u00e4lt alle wichtigen Daten wie Adresse, Bankverbindung oder Umsatzsteuer-ID. Erfahren Sie mehr.","og_url":"https:\/\/psl-systemtechnik.com\/de\/impressum\/","og_site_name":"PSL Systemtechnik","article_publisher":"https:\/\/www.facebook.com\/PSL.Systemtechnik","article_modified_time":"2025-03-10T16:46:22+00:00","twitter_card":"summary_large_image","twitter_misc":{"Gesch\u00e4tzte Lesezeit":"4\u00a0Minuten"},"schema":{"@context":"https:\/\/schema.org","@graph":[{"@type":"WebPage","@id":"https:\/\/psl-systemtechnik.com\/de\/impressum\/","url":"https:\/\/psl-systemtechnik.com\/de\/impressum\/","name":"Impressum &#187; PSL Systemtechnik","isPartOf":{"@id":"https:\/\/psl-systemtechnik.com\/de\/#website"},"datePublished":"2023-12-27T14:29:01+00:00","dateModified":"2025-03-10T16:46:22+00:00","description":"Das Impressum der PSL Systemtechnik enth\u00e4lt alle wichtigen Daten wie Adresse, Bankverbindung oder Umsatzsteuer-ID. Erfahren Sie mehr.","breadcrumb":{"@id":"https:\/\/psl-systemtechnik.com\/de\/impressum\/#breadcrumb"},"inLanguage":"de","potentialAction":[{"@type":"ReadAction","target":["https:\/\/psl-systemtechnik.com\/de\/impressum\/"]}]},{"@type":"BreadcrumbList","@id":"https:\/\/psl-systemtechnik.com\/de\/impressum\/#breadcrumb","itemListElement":[{"@type":"ListItem","position":1,"name":"Startseite","item":"https:\/\/psl-systemtechnik.com\/de\/"},{"@type":"ListItem","position":2,"name":"Impressum"}]},{"@type":"WebSite","@id":"https:\/\/psl-systemtechnik.com\/de\/#website","url":"https:\/\/psl-systemtechnik.com\/de\/","name":"PSL Systemtechnik GmbH","description":"Lab Instruments for Oil and Gas","publisher":{"@id":"https:\/\/psl-systemtechnik.com\/de\/#organization"},"alternateName":"PSL","potentialAction":[{"@type":"SearchAction","target":{"@type":"EntryPoint","urlTemplate":"https:\/\/psl-systemtechnik.com\/de\/?s={search_term_string}"},"query-input":{"@type":"PropertyValueSpecification","valueRequired":true,"valueName":"search_term_string"}}],"inLanguage":"de"},{"@type":"Organization","@id":"https:\/\/psl-systemtechnik.com\/de\/#organization","name":"PSL Systemtechnik GmbH","url":"https:\/\/psl-systemtechnik.com\/de\/","logo":{"@type":"ImageObject","inLanguage":"de","@id":"https:\/\/psl-systemtechnik.com\/de\/#\/schema\/logo\/image\/","url":"https:\/\/psl-systemtechnik.com\/wp-content\/uploads\/2023\/12\/cropped-psl-systemtechnik-logo-mit-claim-web.png","contentUrl":"https:\/\/psl-systemtechnik.com\/wp-content\/uploads\/2023\/12\/cropped-psl-systemtechnik-logo-mit-claim-web.png","width":1000,"height":303,"caption":"PSL Systemtechnik GmbH"},"image":{"@id":"https:\/\/psl-systemtechnik.com\/de\/#\/schema\/logo\/image\/"},"sameAs":["https:\/\/www.facebook.com\/PSL.Systemtechnik","https:\/\/www.linkedin.com\/company\/psl-systemtechnik-gmbh\/"]}]}},"_links":{"self":[{"href":"https:\/\/psl-systemtechnik.com\/de\/wp-json\/wp\/v2\/pages\/42","targetHints":{"allow":["GET"]}}],"collection":[{"href":"https:\/\/psl-systemtechnik.com\/de\/wp-json\/wp\/v2\/pages"}],"about":[{"href":"https:\/\/psl-systemtechnik.com\/de\/wp-json\/wp\/v2\/types\/page"}],"author":[{"embeddable":true,"href":"https:\/\/psl-systemtechnik.com\/de\/wp-json\/wp\/v2\/users\/1"}],"replies":[{"embeddable":true,"href":"https:\/\/psl-systemtechnik.com\/de\/wp-json\/wp\/v2\/comments?post=42"}],"version-history":[{"count":0,"href":"https:\/\/psl-systemtechnik.com\/de\/wp-json\/wp\/v2\/pages\/42\/revisions"}],"wp:attachment":[{"href":"https:\/\/psl-systemtechnik.com\/de\/wp-json\/wp\/v2\/media?parent=42"}],"curies":[{"name":"wp","href":"https:\/\/api.w.org\/{rel}","templated":true}]}}