{"id":114,"date":"2023-12-28T13:32:17","date_gmt":"2023-12-28T12:32:17","guid":{"rendered":"http:\/\/pslsystemtechnik.com\/?page_id=114"},"modified":"2025-04-23T17:38:51","modified_gmt":"2025-04-23T15:38:51","slug":"newsletter-anmeldung","status":"publish","type":"page","link":"https:\/\/psl-systemtechnik.com\/de\/rundum-sorglos\/newsletter-anmeldung\/","title":{"rendered":"Newsletter Anmeldung"},"content":{"rendered":"\t\t<div data-elementor-type=\"wp-page\" data-elementor-id=\"114\" class=\"elementor elementor-114\">\n\t\t\t\t<div class=\"elementor-element elementor-element-710e962b e-flex e-con-boxed e-con e-parent\" data-id=\"710e962b\" data-element_type=\"container\" data-settings=\"{&quot;background_background&quot;:&quot;classic&quot;}\">\n\t\t\t\t\t<div class=\"e-con-inner\">\n\t\t<div class=\"elementor-element elementor-element-44d9fc0d e-flex e-con-boxed e-con e-child\" data-id=\"44d9fc0d\" data-element_type=\"container\">\n\t\t\t\t\t<div class=\"e-con-inner\">\n\t\t\t\t<div class=\"elementor-element elementor-element-3a430fa4 elementor-widget elementor-widget-heading\" data-id=\"3a430fa4\" data-element_type=\"widget\" data-widget_type=\"heading.default\">\n\t\t\t\t<div class=\"elementor-widget-container\">\n\t\t\t\t\t<h4 class=\"elementor-heading-title elementor-size-default\">UP-TO-DATE BLEIBEN<\/h4>\t\t\t\t<\/div>\n\t\t\t\t<\/div>\n\t\t\t\t<div class=\"elementor-element elementor-element-581ed16c elementor-widget-divider--view-line elementor-widget elementor-widget-divider\" data-id=\"581ed16c\" data-element_type=\"widget\" data-widget_type=\"divider.default\">\n\t\t\t\t<div class=\"elementor-widget-container\">\n\t\t\t\t\t\t\t<div class=\"elementor-divider\">\n\t\t\t<span class=\"elementor-divider-separator\">\n\t\t\t\t\t\t<\/span>\n\t\t<\/div>\n\t\t\t\t\t\t<\/div>\n\t\t\t\t<\/div>\n\t\t\t\t<div class=\"elementor-element elementor-element-2c8d0715 elementor-widget elementor-widget-heading\" data-id=\"2c8d0715\" data-element_type=\"widget\" data-widget_type=\"heading.default\">\n\t\t\t\t<div class=\"elementor-widget-container\">\n\t\t\t\t\t<h1 class=\"elementor-heading-title elementor-size-default\">PSL Newsletter<\/h1>\t\t\t\t<\/div>\n\t\t\t\t<\/div>\n\t\t\t\t\t<\/div>\n\t\t\t\t<\/div>\n\t\t\t\t\t<\/div>\n\t\t\t\t<\/div>\n\t\t<div class=\"elementor-element elementor-element-b2badda e-flex e-con-boxed e-con e-parent\" data-id=\"b2badda\" data-element_type=\"container\">\n\t\t\t\t\t<div class=\"e-con-inner\">\n\t\t\t\t<div class=\"elementor-element elementor-element-c37f855 elementor-widget elementor-widget-heading\" data-id=\"c37f855\" data-element_type=\"widget\" data-widget_type=\"heading.default\">\n\t\t\t\t<div class=\"elementor-widget-container\">\n\t\t\t\t\t<h2 class=\"elementor-heading-title elementor-size-default\">Jetzt zum Newsletter anmelden!\n<\/h2>\t\t\t\t<\/div>\n\t\t\t\t<\/div>\n\t\t\t\t<div class=\"elementor-element elementor-element-28245c6 elementor-widget elementor-widget-text-editor\" data-id=\"28245c6\" data-element_type=\"widget\" data-widget_type=\"text-editor.default\">\n\t\t\t\t<div class=\"elementor-widget-container\">\n\t\t\t\t\t\t\t\t\t<p>F\u00fcllen Sie bitte nachfolgendes Formular aus, um sich f\u00fcr den E-Mail-Newsletter der PSL Systemtechnik GmbH anzumelden. Sie k\u00f6nnen sich jederzeit \u00fcber den Link in unserem Newsletter abmelden.<\/p>\t\t\t\t\t\t\t\t<\/div>\n\t\t\t\t<\/div>\n\t\t\t\t\t<\/div>\n\t\t\t\t<\/div>\n\t\t<div class=\"elementor-element elementor-element-526710f e-flex e-con-boxed e-con e-parent\" data-id=\"526710f\" data-element_type=\"container\">\n\t\t\t\t\t<div class=\"e-con-inner\">\n\t\t<div class=\"elementor-element elementor-element-c0b8e97 e-flex e-con-boxed e-con e-child\" data-id=\"c0b8e97\" data-element_type=\"container\">\n\t\t\t\t\t<div class=\"e-con-inner\">\n\t\t\t\t<div class=\"elementor-element elementor-element-1168d04 elementor-widget elementor-widget-html\" data-id=\"1168d04\" data-element_type=\"widget\" data-widget_type=\"html.default\">\n\t\t\t\t<div class=\"elementor-widget-container\">\n\t\t\t\t\t <div class=\"brlbs-cmpnt-container brlbs-cmpnt-content-blocker brlbs-cmpnt-with-individual-styles\" data-borlabs-cookie-content-blocker-id=\"default\" data-borlabs-cookie-content=\"PGlmcmFtZSB3aWR0aD0iODAwIiBoZWlnaHQ9IjEwMDAiIHNyYz0iaHR0cHM6Ly8wOGUzZGUxOS5zaWJmb3Jtcy5jb20vc2VydmUvTVVJRkFPUmJFS3FaYkhodUwzaHF6MHA2UkpSUzFFY0FNVEVubmRjcmR4azBMWmdUNEZzdHMwVklwM3M4U21oZXpBeC1MNzdnQUFnSl9Vbk9rYkFyLVZ5VHp2Z3BBOGRYNVJobl85emNIdWJaZVJqUFUwcmZESEJZS3JycUgwUDh0SmVaTklwY09rc3RnNy1fUWs4ajZoUmZZRzdGZXdIaFBfSFJkZEJGR3Z4bnpXTTBEZ2djVl9mZll0VGo4aVZ3cnhmbDF3NmhoV3lld0p5biIgZnJhbWVib3JkZXI9IjAiIHNjcm9sbGluZz0iYXV0byIgYWxsb3dmdWxsc2NyZWVuIHN0eWxlPSJkaXNwbGF5OiBibG9jazttYXJnaW4tbGVmdDogYXV0bzttYXJnaW4tcmlnaHQ6IGF1dG87bWF4LXdpZHRoOiAxMDAlOyI+PC9pZnJhbWU+\"><div class=\"brlbs-cmpnt-cb-preset-a\"> <p class=\"brlbs-cmpnt-cb-description\">Sie sehen gerade einen Platzhalterinhalt von <strong>Standard<\/strong>. Um auf den eigentlichen Inhalt zuzugreifen, klicken Sie auf den Button unten. Bitte beachten Sie, dass dabei Daten an Drittanbieter weitergegeben werden.<\/p> <div class=\"brlbs-cmpnt-cb-buttons\"> <a class=\"brlbs-cmpnt-cb-btn\" href=\"#\" data-borlabs-cookie-unblock role=\"button\">Inhalt entsperren<\/a> <a class=\"brlbs-cmpnt-cb-btn\" href=\"#\" data-borlabs-cookie-accept-service role=\"button\" style=\"display: none\">Erforderlichen Service akzeptieren und Inhalte entsperren<\/a> <\/div> <a class=\"brlbs-cmpnt-cb-provider-toggle\" href=\"#\" data-borlabs-cookie-show-provider-information role=\"button\">Weitere Informationen<\/a> <\/div><\/div>\t\t\t\t<\/div>\n\t\t\t\t<\/div>\n\t\t\t\t\t<\/div>\n\t\t\t\t<\/div>\n\t\t\t\t\t<\/div>\n\t\t\t\t<\/div>\n\t\t\t\t<\/div>\n\t\t","protected":false},"excerpt":{"rendered":"<p>UP-TO-DATE BLEIBEN PSL Newsletter Jetzt zum Newsletter anmelden! F\u00fcllen Sie bitte nachfolgendes Formular aus, um sich f\u00fcr den E-Mail-Newsletter der PSL Systemtechnik GmbH anzumelden. Sie k\u00f6nnen sich jederzeit \u00fcber den Link in unserem Newsletter abmelden. Sie sehen gerade einen Platzhalterinhalt von Standard. Um auf den eigentlichen Inhalt zuzugreifen, klicken Sie auf den Button unten. Bitte&#8230;<\/p>\n","protected":false},"author":1,"featured_media":0,"parent":37,"menu_order":3,"comment_status":"closed","ping_status":"closed","template":"elementor_header_footer","meta":{"_kad_post_transparent":"","_kad_post_title":"hide","_kad_post_layout":"fullwidth","_kad_post_sidebar_id":"","_kad_post_content_style":"unboxed","_kad_post_vertical_padding":"hide","_kad_post_feature":"hide","_kad_post_feature_position":"","_kad_post_header":false,"_kad_post_footer":false,"footnotes":""},"class_list":["post-114","page","type-page","status-publish","hentry"],"yoast_head":"<!-- This site is optimized with the Yoast SEO plugin v27.4 - https:\/\/yoast.com\/product\/yoast-seo-wordpress\/ -->\n<title>Newsletter Anmeldung &#187; PSL Systemtechnik<\/title>\n<meta name=\"description\" content=\"Newsletter-Anmeldung: Bleiben Sie mit den News um PSL Systemtechnik auf dem Laufenden. Sie werden pro Jahr ca. 2 - 3 Newsletter erhalten.\" \/>\n<meta name=\"robots\" content=\"noindex, follow\" \/>\n<meta property=\"og:locale\" content=\"de_DE\" \/>\n<meta property=\"og:type\" content=\"article\" \/>\n<meta property=\"og:title\" content=\"Newsletter Anmeldung &#187; PSL Systemtechnik\" \/>\n<meta property=\"og:description\" content=\"Newsletter-Anmeldung: Bleiben Sie mit den News um PSL Systemtechnik auf dem Laufenden. Sie werden pro Jahr ca. 2 - 3 Newsletter erhalten.\" \/>\n<meta property=\"og:url\" content=\"https:\/\/psl-systemtechnik.com\/de\/rundum-sorglos\/newsletter-anmeldung\/\" \/>\n<meta property=\"og:site_name\" content=\"PSL Systemtechnik\" \/>\n<meta property=\"article:publisher\" content=\"https:\/\/www.facebook.com\/PSL.Systemtechnik\" \/>\n<meta property=\"article:modified_time\" content=\"2025-04-23T15:38:51+00:00\" \/>\n<meta name=\"twitter:card\" content=\"summary_large_image\" \/>\n<meta name=\"twitter:label1\" content=\"Gesch\u00e4tzte Lesezeit\" \/>\n\t<meta name=\"twitter:data1\" content=\"1\u00a0Minute\" \/>\n<script type=\"application\/ld+json\" class=\"yoast-schema-graph\">{\"@context\":\"https:\\\/\\\/schema.org\",\"@graph\":[{\"@type\":\"WebPage\",\"@id\":\"https:\\\/\\\/psl-systemtechnik.com\\\/de\\\/rundum-sorglos\\\/newsletter-anmeldung\\\/\",\"url\":\"https:\\\/\\\/psl-systemtechnik.com\\\/de\\\/rundum-sorglos\\\/newsletter-anmeldung\\\/\",\"name\":\"Newsletter Anmeldung &#187; PSL Systemtechnik\",\"isPartOf\":{\"@id\":\"https:\\\/\\\/psl-systemtechnik.com\\\/de\\\/#website\"},\"datePublished\":\"2023-12-28T12:32:17+00:00\",\"dateModified\":\"2025-04-23T15:38:51+00:00\",\"description\":\"Newsletter-Anmeldung: Bleiben Sie mit den News um PSL Systemtechnik auf dem Laufenden. Sie werden pro Jahr ca. 2 - 3 Newsletter erhalten.\",\"breadcrumb\":{\"@id\":\"https:\\\/\\\/psl-systemtechnik.com\\\/de\\\/rundum-sorglos\\\/newsletter-anmeldung\\\/#breadcrumb\"},\"inLanguage\":\"de\",\"potentialAction\":[{\"@type\":\"ReadAction\",\"target\":[\"https:\\\/\\\/psl-systemtechnik.com\\\/de\\\/rundum-sorglos\\\/newsletter-anmeldung\\\/\"]}]},{\"@type\":\"BreadcrumbList\",\"@id\":\"https:\\\/\\\/psl-systemtechnik.com\\\/de\\\/rundum-sorglos\\\/newsletter-anmeldung\\\/#breadcrumb\",\"itemListElement\":[{\"@type\":\"ListItem\",\"position\":1,\"name\":\"Startseite\",\"item\":\"https:\\\/\\\/psl-systemtechnik.com\\\/de\\\/\"},{\"@type\":\"ListItem\",\"position\":2,\"name\":\"Rundum Sorglos\",\"item\":\"https:\\\/\\\/psl-systemtechnik.com\\\/de\\\/rundum-sorglos\\\/\"},{\"@type\":\"ListItem\",\"position\":3,\"name\":\"Newsletter Anmeldung\"}]},{\"@type\":\"WebSite\",\"@id\":\"https:\\\/\\\/psl-systemtechnik.com\\\/de\\\/#website\",\"url\":\"https:\\\/\\\/psl-systemtechnik.com\\\/de\\\/\",\"name\":\"PSL Systemtechnik GmbH\",\"description\":\"Lab Instruments for Oil and Gas\",\"publisher\":{\"@id\":\"https:\\\/\\\/psl-systemtechnik.com\\\/de\\\/#organization\"},\"alternateName\":\"PSL\",\"potentialAction\":[{\"@type\":\"SearchAction\",\"target\":{\"@type\":\"EntryPoint\",\"urlTemplate\":\"https:\\\/\\\/psl-systemtechnik.com\\\/de\\\/?s={search_term_string}\"},\"query-input\":{\"@type\":\"PropertyValueSpecification\",\"valueRequired\":true,\"valueName\":\"search_term_string\"}}],\"inLanguage\":\"de\"},{\"@type\":\"Organization\",\"@id\":\"https:\\\/\\\/psl-systemtechnik.com\\\/de\\\/#organization\",\"name\":\"PSL Systemtechnik GmbH\",\"url\":\"https:\\\/\\\/psl-systemtechnik.com\\\/de\\\/\",\"logo\":{\"@type\":\"ImageObject\",\"inLanguage\":\"de\",\"@id\":\"https:\\\/\\\/psl-systemtechnik.com\\\/de\\\/#\\\/schema\\\/logo\\\/image\\\/\",\"url\":\"https:\\\/\\\/psl-systemtechnik.com\\\/wp-content\\\/uploads\\\/2023\\\/12\\\/cropped-psl-systemtechnik-logo-mit-claim-web.png\",\"contentUrl\":\"https:\\\/\\\/psl-systemtechnik.com\\\/wp-content\\\/uploads\\\/2023\\\/12\\\/cropped-psl-systemtechnik-logo-mit-claim-web.png\",\"width\":1000,\"height\":303,\"caption\":\"PSL Systemtechnik GmbH\"},\"image\":{\"@id\":\"https:\\\/\\\/psl-systemtechnik.com\\\/de\\\/#\\\/schema\\\/logo\\\/image\\\/\"},\"sameAs\":[\"https:\\\/\\\/www.facebook.com\\\/PSL.Systemtechnik\",\"https:\\\/\\\/www.linkedin.com\\\/company\\\/psl-systemtechnik-gmbh\\\/\"]}]}<\/script>\n<!-- \/ Yoast SEO plugin. -->","yoast_head_json":{"title":"Newsletter Anmeldung &#187; PSL Systemtechnik","description":"Newsletter-Anmeldung: Bleiben Sie mit den News um PSL Systemtechnik auf dem Laufenden. Sie werden pro Jahr ca. 2 - 3 Newsletter erhalten.","robots":{"index":"noindex","follow":"follow"},"og_locale":"de_DE","og_type":"article","og_title":"Newsletter Anmeldung &#187; PSL Systemtechnik","og_description":"Newsletter-Anmeldung: Bleiben Sie mit den News um PSL Systemtechnik auf dem Laufenden. Sie werden pro Jahr ca. 2 - 3 Newsletter erhalten.","og_url":"https:\/\/psl-systemtechnik.com\/de\/rundum-sorglos\/newsletter-anmeldung\/","og_site_name":"PSL Systemtechnik","article_publisher":"https:\/\/www.facebook.com\/PSL.Systemtechnik","article_modified_time":"2025-04-23T15:38:51+00:00","twitter_card":"summary_large_image","twitter_misc":{"Gesch\u00e4tzte Lesezeit":"1\u00a0Minute"},"schema":{"@context":"https:\/\/schema.org","@graph":[{"@type":"WebPage","@id":"https:\/\/psl-systemtechnik.com\/de\/rundum-sorglos\/newsletter-anmeldung\/","url":"https:\/\/psl-systemtechnik.com\/de\/rundum-sorglos\/newsletter-anmeldung\/","name":"Newsletter Anmeldung &#187; PSL Systemtechnik","isPartOf":{"@id":"https:\/\/psl-systemtechnik.com\/de\/#website"},"datePublished":"2023-12-28T12:32:17+00:00","dateModified":"2025-04-23T15:38:51+00:00","description":"Newsletter-Anmeldung: Bleiben Sie mit den News um PSL Systemtechnik auf dem Laufenden. Sie werden pro Jahr ca. 2 - 3 Newsletter erhalten.","breadcrumb":{"@id":"https:\/\/psl-systemtechnik.com\/de\/rundum-sorglos\/newsletter-anmeldung\/#breadcrumb"},"inLanguage":"de","potentialAction":[{"@type":"ReadAction","target":["https:\/\/psl-systemtechnik.com\/de\/rundum-sorglos\/newsletter-anmeldung\/"]}]},{"@type":"BreadcrumbList","@id":"https:\/\/psl-systemtechnik.com\/de\/rundum-sorglos\/newsletter-anmeldung\/#breadcrumb","itemListElement":[{"@type":"ListItem","position":1,"name":"Startseite","item":"https:\/\/psl-systemtechnik.com\/de\/"},{"@type":"ListItem","position":2,"name":"Rundum Sorglos","item":"https:\/\/psl-systemtechnik.com\/de\/rundum-sorglos\/"},{"@type":"ListItem","position":3,"name":"Newsletter Anmeldung"}]},{"@type":"WebSite","@id":"https:\/\/psl-systemtechnik.com\/de\/#website","url":"https:\/\/psl-systemtechnik.com\/de\/","name":"PSL Systemtechnik GmbH","description":"Lab Instruments for Oil and Gas","publisher":{"@id":"https:\/\/psl-systemtechnik.com\/de\/#organization"},"alternateName":"PSL","potentialAction":[{"@type":"SearchAction","target":{"@type":"EntryPoint","urlTemplate":"https:\/\/psl-systemtechnik.com\/de\/?s={search_term_string}"},"query-input":{"@type":"PropertyValueSpecification","valueRequired":true,"valueName":"search_term_string"}}],"inLanguage":"de"},{"@type":"Organization","@id":"https:\/\/psl-systemtechnik.com\/de\/#organization","name":"PSL Systemtechnik GmbH","url":"https:\/\/psl-systemtechnik.com\/de\/","logo":{"@type":"ImageObject","inLanguage":"de","@id":"https:\/\/psl-systemtechnik.com\/de\/#\/schema\/logo\/image\/","url":"https:\/\/psl-systemtechnik.com\/wp-content\/uploads\/2023\/12\/cropped-psl-systemtechnik-logo-mit-claim-web.png","contentUrl":"https:\/\/psl-systemtechnik.com\/wp-content\/uploads\/2023\/12\/cropped-psl-systemtechnik-logo-mit-claim-web.png","width":1000,"height":303,"caption":"PSL Systemtechnik GmbH"},"image":{"@id":"https:\/\/psl-systemtechnik.com\/de\/#\/schema\/logo\/image\/"},"sameAs":["https:\/\/www.facebook.com\/PSL.Systemtechnik","https:\/\/www.linkedin.com\/company\/psl-systemtechnik-gmbh\/"]}]}},"_links":{"self":[{"href":"https:\/\/psl-systemtechnik.com\/de\/wp-json\/wp\/v2\/pages\/114","targetHints":{"allow":["GET"]}}],"collection":[{"href":"https:\/\/psl-systemtechnik.com\/de\/wp-json\/wp\/v2\/pages"}],"about":[{"href":"https:\/\/psl-systemtechnik.com\/de\/wp-json\/wp\/v2\/types\/page"}],"author":[{"embeddable":true,"href":"https:\/\/psl-systemtechnik.com\/de\/wp-json\/wp\/v2\/users\/1"}],"replies":[{"embeddable":true,"href":"https:\/\/psl-systemtechnik.com\/de\/wp-json\/wp\/v2\/comments?post=114"}],"version-history":[{"count":0,"href":"https:\/\/psl-systemtechnik.com\/de\/wp-json\/wp\/v2\/pages\/114\/revisions"}],"up":[{"embeddable":true,"href":"https:\/\/psl-systemtechnik.com\/de\/wp-json\/wp\/v2\/pages\/37"}],"wp:attachment":[{"href":"https:\/\/psl-systemtechnik.com\/de\/wp-json\/wp\/v2\/media?parent=114"}],"curies":[{"name":"wp","href":"https:\/\/api.w.org\/{rel}","templated":true}]}}